{"id":440,"date":"2021-06-22T08:32:13","date_gmt":"2021-06-22T08:32:13","guid":{"rendered":"https:\/\/www.arcapower.com\/impact\/"},"modified":"2024-03-07T13:06:27","modified_gmt":"2024-03-07T13:06:27","slug":"impact","status":"publish","type":"page","link":"https:\/\/www.arcapower.com\/fr\/impact\/","title":{"rendered":"Impact"},"content":{"rendered":"\n<h2 class=\"has-text-align-center wp-block-heading\">L&rsquo;objectif de l&rsquo;ARCA est de d\u00e9velopper  <br\/>des produits abordables dans le cadre du concept  <br\/>de l&rsquo;inclusion \u00e9nerg\u00e9tique.<\/h2>\n\n<div style=\"height:58px\" aria-hidden=\"true\" class=\"wp-block-spacer\"><\/div>\n\n<div class=\"wp-block-columns is-layout-flex wp-container-core-columns-layout-1 wp-block-columns-is-layout-flex\">\n<div class=\"wp-block-column is-layout-flow wp-block-column-is-layout-flow\">\n<p>Nous travaillons pour que les populations des zones les plus d\u00e9favoris\u00e9es de la plan\u00e8te aient non seulement de l&rsquo;\u00e9clairage, mais aussi suffisamment d&rsquo;\u00e9nergie pour pouvoir garantir l&rsquo;inclusion \u00e9lectrique de base de ces zones.<\/p>\n\n\n\n<p>L&rsquo;inclusion \u00e9lectrique doit aller au-del\u00e0 de l&rsquo;\u00e9clairage d&rsquo;un foyer, elle doit assurer un syst\u00e8me d&rsquo;information avec le monde, un syst\u00e8me de communication et un syst\u00e8me de refroidissement minimum.<\/p>\n\n\n\n<p>C&rsquo;est pourquoi l&rsquo;<strong>ARCA<\/strong> a cr\u00e9\u00e9 un g\u00e9n\u00e9rateur de <strong>\n  <em>\u00e9lectricit\u00e9 inclusive<\/em>\n<\/strong> con\u00e7u pour apporter une solution solide et efficace aux difficult\u00e9s de base des gens.<\/p>\n<\/div>\n\n\n\n<div class=\"wp-block-column is-layout-flow wp-block-column-is-layout-flow\">\n<p><strong>ARCA<\/strong> est un instrument de d\u00e9veloppement ainsi qu&rsquo;un outil de production d&rsquo;\u00e9lectricit\u00e9.  <\/p>\n\n\n\n<p>Nous nous concentrons sur les solutions qu&rsquo;elle g\u00e9n\u00e8re en termes sociaux, sanitaires, \u00e9ducatifs et g\u00e9opolitiques.<\/p>\n\n\n\n<p>Nous essayons de r\u00e9pondre \u00e0 un mod\u00e8le sup\u00e9rieur de g\u00e9n\u00e9rateur, con\u00e7u pour faire face \u00e0 sa mission d&rsquo;un point de vue fonctionnel : un g\u00e9n\u00e9rateur qui dure dans le temps, solide, robuste, facile \u00e0 installer et \u00e0 utiliser ; qui dispose \u00e9galement de modules de connectivit\u00e9, con\u00e7us pour communiquer et avoir acc\u00e8s aux donn\u00e9es afin de pr\u00e9venir les situations de risque ou d&rsquo;urgence.<\/p>\n<\/div>\n<\/div>\n","protected":false},"excerpt":{"rendered":"<p>L&rsquo;objectif de l&rsquo;ARCA est de d\u00e9velopper des produits abordables dans [&hellip;]<\/p>\n","protected":false},"author":6,"featured_media":0,"parent":0,"menu_order":3,"comment_status":"closed","ping_status":"closed","template":"templates\/impacto.php","meta":{"footnotes":""},"acf":[],"yoast_head":"<!-- This site is optimized with the Yoast SEO plugin v21.9.1 - https:\/\/yoast.com\/wordpress\/plugins\/seo\/ -->\n<title>Inclusion \u00e9nerg\u00e9tique -% ARCA Power% ARCA Power%%.<\/title>\n<meta name=\"description\" content=\"Nous travaillons pour que les populations des zones les plus d\u00e9favoris\u00e9es de la plan\u00e8te disposent d&#039;un \u00e9clairage et d&#039;une \u00e9nergie suffisante pour garantir l&#039;inclusion \u00e9lectrique de base de ces zones.\" \/>\n<meta name=\"robots\" content=\"index, follow, max-snippet:-1, max-image-preview:large, max-video-preview:-1\" \/>\n<link rel=\"canonical\" href=\"https:\/\/www.arcapower.com\/fr\/impact\/\" \/>\n<meta property=\"og:locale\" content=\"fr_FR\" \/>\n<meta property=\"og:type\" content=\"article\" \/>\n<meta property=\"og:title\" content=\"Inclusion \u00e9nerg\u00e9tique -% ARCA Power% ARCA Power%%.\" \/>\n<meta property=\"og:description\" content=\"Nous travaillons pour que les populations des zones les plus d\u00e9favoris\u00e9es de la plan\u00e8te disposent d&#039;un \u00e9clairage et d&#039;une \u00e9nergie suffisante pour garantir l&#039;inclusion \u00e9lectrique de base de ces zones.\" \/>\n<meta property=\"og:url\" content=\"https:\/\/www.arcapower.com\/fr\/impact\/\" \/>\n<meta property=\"og:site_name\" content=\"ARCA Power\" \/>\n<meta property=\"article:modified_time\" content=\"2024-03-07T13:06:27+00:00\" \/>\n<meta name=\"twitter:card\" content=\"summary_large_image\" \/>\n<meta name=\"twitter:label1\" content=\"Est. reading time\" \/>\n\t<meta name=\"twitter:data1\" content=\"1 minute\" \/>\n<script type=\"application\/ld+json\" class=\"yoast-schema-graph\">{\"@context\":\"https:\/\/schema.org\",\"@graph\":[{\"@type\":\"WebPage\",\"@id\":\"https:\/\/www.arcapower.com\/fr\/impact\/\",\"url\":\"https:\/\/www.arcapower.com\/fr\/impact\/\",\"name\":\"Inclusion \u00e9nerg\u00e9tique -% ARCA Power% ARCA Power%%.\",\"isPartOf\":{\"@id\":\"https:\/\/www.arcapower.com\/#website\"},\"datePublished\":\"2021-06-22T08:32:13+00:00\",\"dateModified\":\"2024-03-07T13:06:27+00:00\",\"description\":\"Nous travaillons pour que les populations des zones les plus d\u00e9favoris\u00e9es de la plan\u00e8te disposent d'un \u00e9clairage et d'une \u00e9nergie suffisante pour garantir l'inclusion \u00e9lectrique de base de ces zones.\",\"breadcrumb\":{\"@id\":\"https:\/\/www.arcapower.com\/fr\/impact\/#breadcrumb\"},\"inLanguage\":\"fr-FR\",\"potentialAction\":[{\"@type\":\"ReadAction\",\"target\":[\"https:\/\/www.arcapower.com\/fr\/impact\/\"]}]},{\"@type\":\"BreadcrumbList\",\"@id\":\"https:\/\/www.arcapower.com\/fr\/impact\/#breadcrumb\",\"itemListElement\":[{\"@type\":\"ListItem\",\"position\":1,\"name\":\"Portada\",\"item\":\"https:\/\/www.arcapower.com\/fr\/\"},{\"@type\":\"ListItem\",\"position\":2,\"name\":\"Impact\"}]},{\"@type\":\"WebSite\",\"@id\":\"https:\/\/www.arcapower.com\/#website\",\"url\":\"https:\/\/www.arcapower.com\/\",\"name\":\"ARCA Power\",\"description\":\"Energ\u00eda inclusiva para el desarrollo\",\"potentialAction\":[{\"@type\":\"SearchAction\",\"target\":{\"@type\":\"EntryPoint\",\"urlTemplate\":\"https:\/\/www.arcapower.com\/?s={search_term_string}\"},\"query-input\":\"required name=search_term_string\"}],\"inLanguage\":\"fr-FR\"}]}<\/script>\n<!-- \/ Yoast SEO plugin. -->","yoast_head_json":{"title":"Inclusion \u00e9nerg\u00e9tique -% ARCA Power% ARCA Power%%.","description":"Nous travaillons pour que les populations des zones les plus d\u00e9favoris\u00e9es de la plan\u00e8te disposent d'un \u00e9clairage et d'une \u00e9nergie suffisante pour garantir l'inclusion \u00e9lectrique de base de ces zones.","robots":{"index":"index","follow":"follow","max-snippet":"max-snippet:-1","max-image-preview":"max-image-preview:large","max-video-preview":"max-video-preview:-1"},"canonical":"https:\/\/www.arcapower.com\/fr\/impact\/","og_locale":"fr_FR","og_type":"article","og_title":"Inclusion \u00e9nerg\u00e9tique -% ARCA Power% ARCA Power%%.","og_description":"Nous travaillons pour que les populations des zones les plus d\u00e9favoris\u00e9es de la plan\u00e8te disposent d'un \u00e9clairage et d'une \u00e9nergie suffisante pour garantir l'inclusion \u00e9lectrique de base de ces zones.","og_url":"https:\/\/www.arcapower.com\/fr\/impact\/","og_site_name":"ARCA Power","article_modified_time":"2024-03-07T13:06:27+00:00","twitter_card":"summary_large_image","twitter_misc":{"Est. reading time":"1 minute"},"schema":{"@context":"https:\/\/schema.org","@graph":[{"@type":"WebPage","@id":"https:\/\/www.arcapower.com\/fr\/impact\/","url":"https:\/\/www.arcapower.com\/fr\/impact\/","name":"Inclusion \u00e9nerg\u00e9tique -% ARCA Power% ARCA Power%%.","isPartOf":{"@id":"https:\/\/www.arcapower.com\/#website"},"datePublished":"2021-06-22T08:32:13+00:00","dateModified":"2024-03-07T13:06:27+00:00","description":"Nous travaillons pour que les populations des zones les plus d\u00e9favoris\u00e9es de la plan\u00e8te disposent d'un \u00e9clairage et d'une \u00e9nergie suffisante pour garantir l'inclusion \u00e9lectrique de base de ces zones.","breadcrumb":{"@id":"https:\/\/www.arcapower.com\/fr\/impact\/#breadcrumb"},"inLanguage":"fr-FR","potentialAction":[{"@type":"ReadAction","target":["https:\/\/www.arcapower.com\/fr\/impact\/"]}]},{"@type":"BreadcrumbList","@id":"https:\/\/www.arcapower.com\/fr\/impact\/#breadcrumb","itemListElement":[{"@type":"ListItem","position":1,"name":"Portada","item":"https:\/\/www.arcapower.com\/fr\/"},{"@type":"ListItem","position":2,"name":"Impact"}]},{"@type":"WebSite","@id":"https:\/\/www.arcapower.com\/#website","url":"https:\/\/www.arcapower.com\/","name":"ARCA Power","description":"Energ\u00eda inclusiva para el desarrollo","potentialAction":[{"@type":"SearchAction","target":{"@type":"EntryPoint","urlTemplate":"https:\/\/www.arcapower.com\/?s={search_term_string}"},"query-input":"required name=search_term_string"}],"inLanguage":"fr-FR"}]}},"_links":{"self":[{"href":"https:\/\/www.arcapower.com\/fr\/wp-json\/wp\/v2\/pages\/440"}],"collection":[{"href":"https:\/\/www.arcapower.com\/fr\/wp-json\/wp\/v2\/pages"}],"about":[{"href":"https:\/\/www.arcapower.com\/fr\/wp-json\/wp\/v2\/types\/page"}],"author":[{"embeddable":true,"href":"https:\/\/www.arcapower.com\/fr\/wp-json\/wp\/v2\/users\/6"}],"replies":[{"embeddable":true,"href":"https:\/\/www.arcapower.com\/fr\/wp-json\/wp\/v2\/comments?post=440"}],"version-history":[{"count":1,"href":"https:\/\/www.arcapower.com\/fr\/wp-json\/wp\/v2\/pages\/440\/revisions"}],"predecessor-version":[{"id":444,"href":"https:\/\/www.arcapower.com\/fr\/wp-json\/wp\/v2\/pages\/440\/revisions\/444"}],"wp:attachment":[{"href":"https:\/\/www.arcapower.com\/fr\/wp-json\/wp\/v2\/media?parent=440"}],"curies":[{"name":"wp","href":"https:\/\/api.w.org\/{rel}","templated":true}]}}