{"id":437,"date":"2021-06-22T08:34:31","date_gmt":"2021-06-22T08:34:31","guid":{"rendered":"https:\/\/www.arcapower.com\/contact\/"},"modified":"2024-03-07T13:06:27","modified_gmt":"2024-03-07T13:06:27","slug":"contact","status":"publish","type":"page","link":"https:\/\/www.arcapower.com\/fr\/contact\/","title":{"rendered":"Contact"},"content":{"rendered":"\n<p>Traves\u00eda Ana de Velasco, 3,  <br\/>31006 Pamplona, Navarra.<br\/>Tlf : +34 948 271 111<\/p>\n\n<p class=\"link-google icon-marker med-icon\"><a rel=\"noreferrer noopener\" href=\"https:\/\/www.google.com\/maps\/dir\/\/solartia\/data=!4m6!4m5!1m1!4e2!1m2!1m1!1s0xd50924b41ac4621:0x6b4f2dfa4a70294e?sa=X&amp;ved=2ahUKEwjuxs2poLDxAhUJqxoKHazdApcQ9RcwGnoECEUQBQ\" target=\"_blank\">Carte Google<\/a><\/p>\n\n<p><a class=\"btn btn-rec btn-inverse text-small\" href=\"https:\/\/www.arcapower.com\/fr\/chambre-numerique\/\">Demandez votre<br\/>r\u00e9union en ligne<\/a><\/p>\n","protected":false},"excerpt":{"rendered":"<p>Traves\u00eda Ana de Velasco, 3, 31006 Pamplona, Navarra.Tlf : +34 [&hellip;]<\/p>\n","protected":false},"author":6,"featured_media":0,"parent":0,"menu_order":7,"comment_status":"closed","ping_status":"closed","template":"templates\/contacto.php","meta":{"footnotes":""},"acf":[],"yoast_head":"<!-- This site is optimized with the Yoast SEO plugin v21.9.1 - https:\/\/yoast.com\/wordpress\/plugins\/seo\/ -->\n<title>Contact - ARCA Power<\/title>\n<meta name=\"description\" content=\"Nous sommes \u00e0 Pampelune (Navarre, Espagne) mais vous pouvez demander une r\u00e9union en ligne pour obtenir plus d&#039;informations sur l&#039;ARCA et toutes ses caract\u00e9ristiques.\" \/>\n<meta name=\"robots\" content=\"index, follow, max-snippet:-1, max-image-preview:large, max-video-preview:-1\" \/>\n<link rel=\"canonical\" href=\"https:\/\/www.arcapower.com\/fr\/contact\/\" \/>\n<meta property=\"og:locale\" content=\"fr_FR\" \/>\n<meta property=\"og:type\" content=\"article\" \/>\n<meta property=\"og:title\" content=\"Contact - ARCA Power\" \/>\n<meta property=\"og:description\" content=\"Nous sommes \u00e0 Pampelune (Navarre, Espagne) mais vous pouvez demander une r\u00e9union en ligne pour obtenir plus d&#039;informations sur l&#039;ARCA et toutes ses caract\u00e9ristiques.\" \/>\n<meta property=\"og:url\" content=\"https:\/\/www.arcapower.com\/fr\/contact\/\" \/>\n<meta property=\"og:site_name\" content=\"ARCA Power\" \/>\n<meta property=\"article:modified_time\" content=\"2024-03-07T13:06:27+00:00\" \/>\n<meta name=\"twitter:card\" content=\"summary_large_image\" \/>\n<script type=\"application\/ld+json\" class=\"yoast-schema-graph\">{\"@context\":\"https:\/\/schema.org\",\"@graph\":[{\"@type\":\"WebPage\",\"@id\":\"https:\/\/www.arcapower.com\/fr\/contact\/\",\"url\":\"https:\/\/www.arcapower.com\/fr\/contact\/\",\"name\":\"Contact - ARCA Power\",\"isPartOf\":{\"@id\":\"https:\/\/www.arcapower.com\/#website\"},\"datePublished\":\"2021-06-22T08:34:31+00:00\",\"dateModified\":\"2024-03-07T13:06:27+00:00\",\"description\":\"Nous sommes \u00e0 Pampelune (Navarre, Espagne) mais vous pouvez demander une r\u00e9union en ligne pour obtenir plus d'informations sur l'ARCA et toutes ses caract\u00e9ristiques.\",\"breadcrumb\":{\"@id\":\"https:\/\/www.arcapower.com\/fr\/contact\/#breadcrumb\"},\"inLanguage\":\"fr-FR\",\"potentialAction\":[{\"@type\":\"ReadAction\",\"target\":[\"https:\/\/www.arcapower.com\/fr\/contact\/\"]}]},{\"@type\":\"BreadcrumbList\",\"@id\":\"https:\/\/www.arcapower.com\/fr\/contact\/#breadcrumb\",\"itemListElement\":[{\"@type\":\"ListItem\",\"position\":1,\"name\":\"Portada\",\"item\":\"https:\/\/www.arcapower.com\/fr\/\"},{\"@type\":\"ListItem\",\"position\":2,\"name\":\"Contact\"}]},{\"@type\":\"WebSite\",\"@id\":\"https:\/\/www.arcapower.com\/#website\",\"url\":\"https:\/\/www.arcapower.com\/\",\"name\":\"ARCA Power\",\"description\":\"Energ\u00eda inclusiva para el desarrollo\",\"potentialAction\":[{\"@type\":\"SearchAction\",\"target\":{\"@type\":\"EntryPoint\",\"urlTemplate\":\"https:\/\/www.arcapower.com\/?s={search_term_string}\"},\"query-input\":\"required name=search_term_string\"}],\"inLanguage\":\"fr-FR\"}]}<\/script>\n<!-- \/ Yoast SEO plugin. -->","yoast_head_json":{"title":"Contact - ARCA Power","description":"Nous sommes \u00e0 Pampelune (Navarre, Espagne) mais vous pouvez demander une r\u00e9union en ligne pour obtenir plus d'informations sur l'ARCA et toutes ses caract\u00e9ristiques.","robots":{"index":"index","follow":"follow","max-snippet":"max-snippet:-1","max-image-preview":"max-image-preview:large","max-video-preview":"max-video-preview:-1"},"canonical":"https:\/\/www.arcapower.com\/fr\/contact\/","og_locale":"fr_FR","og_type":"article","og_title":"Contact - ARCA Power","og_description":"Nous sommes \u00e0 Pampelune (Navarre, Espagne) mais vous pouvez demander une r\u00e9union en ligne pour obtenir plus d'informations sur l'ARCA et toutes ses caract\u00e9ristiques.","og_url":"https:\/\/www.arcapower.com\/fr\/contact\/","og_site_name":"ARCA Power","article_modified_time":"2024-03-07T13:06:27+00:00","twitter_card":"summary_large_image","schema":{"@context":"https:\/\/schema.org","@graph":[{"@type":"WebPage","@id":"https:\/\/www.arcapower.com\/fr\/contact\/","url":"https:\/\/www.arcapower.com\/fr\/contact\/","name":"Contact - ARCA Power","isPartOf":{"@id":"https:\/\/www.arcapower.com\/#website"},"datePublished":"2021-06-22T08:34:31+00:00","dateModified":"2024-03-07T13:06:27+00:00","description":"Nous sommes \u00e0 Pampelune (Navarre, Espagne) mais vous pouvez demander une r\u00e9union en ligne pour obtenir plus d'informations sur l'ARCA et toutes ses caract\u00e9ristiques.","breadcrumb":{"@id":"https:\/\/www.arcapower.com\/fr\/contact\/#breadcrumb"},"inLanguage":"fr-FR","potentialAction":[{"@type":"ReadAction","target":["https:\/\/www.arcapower.com\/fr\/contact\/"]}]},{"@type":"BreadcrumbList","@id":"https:\/\/www.arcapower.com\/fr\/contact\/#breadcrumb","itemListElement":[{"@type":"ListItem","position":1,"name":"Portada","item":"https:\/\/www.arcapower.com\/fr\/"},{"@type":"ListItem","position":2,"name":"Contact"}]},{"@type":"WebSite","@id":"https:\/\/www.arcapower.com\/#website","url":"https:\/\/www.arcapower.com\/","name":"ARCA Power","description":"Energ\u00eda inclusiva para el desarrollo","potentialAction":[{"@type":"SearchAction","target":{"@type":"EntryPoint","urlTemplate":"https:\/\/www.arcapower.com\/?s={search_term_string}"},"query-input":"required name=search_term_string"}],"inLanguage":"fr-FR"}]}},"_links":{"self":[{"href":"https:\/\/www.arcapower.com\/fr\/wp-json\/wp\/v2\/pages\/437"}],"collection":[{"href":"https:\/\/www.arcapower.com\/fr\/wp-json\/wp\/v2\/pages"}],"about":[{"href":"https:\/\/www.arcapower.com\/fr\/wp-json\/wp\/v2\/types\/page"}],"author":[{"embeddable":true,"href":"https:\/\/www.arcapower.com\/fr\/wp-json\/wp\/v2\/users\/6"}],"replies":[{"embeddable":true,"href":"https:\/\/www.arcapower.com\/fr\/wp-json\/wp\/v2\/comments?post=437"}],"version-history":[{"count":1,"href":"https:\/\/www.arcapower.com\/fr\/wp-json\/wp\/v2\/pages\/437\/revisions"}],"predecessor-version":[{"id":442,"href":"https:\/\/www.arcapower.com\/fr\/wp-json\/wp\/v2\/pages\/437\/revisions\/442"}],"wp:attachment":[{"href":"https:\/\/www.arcapower.com\/fr\/wp-json\/wp\/v2\/media?parent=437"}],"curies":[{"name":"wp","href":"https:\/\/api.w.org\/{rel}","templated":true}]}}